{"id":10,"date":"2013-05-12T11:50:46","date_gmt":"2013-05-12T11:50:46","guid":{"rendered":"http:\/\/domusdecem.wordpress.com\/?page_id=10"},"modified":"2013-07-12T12:00:31","modified_gmt":"2013-07-12T12:00:31","slug":"mantenimiento-integral","status":"publish","type":"page","link":"https:\/\/domusdecem.com\/?page_id=10","title":{"rendered":"MANTENIMIENTO"},"content":{"rendered":"<h4><strong style=\"font-size:13px;\">SERVICIOS:<\/strong><\/h4>\n<h4><span style=\"color:#000000;\"><strong>Rehabilitaci\u00f3n:<\/strong><\/span><\/h4>\n<p>Rehabilitaci\u00f3n de fachadas __deslunados __zaguanes y escaleras __<span style=\"font-size:13px;\">Impermeabilizaci\u00f3n de cubiertas<\/span><\/p>\n<h4><span style=\"color:#000000;\"><strong>Acondicionamiento:<\/strong><\/span><\/h4>\n<p>Pintura de escaleras __Pulido y abrillantado de suelos __Lacado de puertas y ventanas __Renovaci\u00f3n de carpinter\u00edas<\/p>\n<h4><span style=\"color:#000000;\"><strong style=\"font-size:13px;\">Instalaciones y equipamiento:<\/strong><\/span><span style=\"font-size:13px;\">\u00a0<\/span><\/h4>\n<p><span style=\"font-size:13px;\">Instalaciones el\u00e9ctricas __<\/span><span style=\"font-size:13px;\">Acometidas de luz, agua y gas __<\/span><span style=\"font-size:13px;\">Desag\u00fces __<\/span><span style=\"font-size:13px;\">Sustituci\u00f3n de bajantes __Instalaci\u00f3n y reparaci\u00f3n de antenas y telecomunicaciones __Ascensores y montacargas __Plataformas para minusv\u00e1lidos<\/span><\/p>\n","protected":false},"excerpt":{"rendered":"<p>SERVICIOS: Rehabilitaci\u00f3n: Rehabilitaci\u00f3n de fachadas __deslunados __zaguanes y escaleras __Impermeabilizaci\u00f3n de cubiertas Acondicionamiento: Pintura de escaleras __Pulido y abrillantado de suelos __Lacado de puertas y ventanas __Renovaci\u00f3n de carpinter\u00edas Instalaciones y equipamiento:\u00a0 Instalaciones el\u00e9ctricas __Acometidas de luz, agua y gas __Desag\u00fces __Sustituci\u00f3n de bajantes __Instalaci\u00f3n y reparaci\u00f3n de antenas y telecomunicaciones __Ascensores y montacargas __Plataformas [&hellip;]<\/p>\n","protected":false},"author":3,"featured_media":0,"parent":70,"menu_order":4,"comment_status":"closed","ping_status":"closed","template":"page-templates\/full-width.php","meta":{"footnotes":""},"class_list":["post-10","page","type-page","status-publish","hentry"],"aioseo_notices":[],"_links":{"self":[{"href":"https:\/\/domusdecem.com\/index.php?rest_route=\/wp\/v2\/pages\/10","targetHints":{"allow":["GET"]}}],"collection":[{"href":"https:\/\/domusdecem.com\/index.php?rest_route=\/wp\/v2\/pages"}],"about":[{"href":"https:\/\/domusdecem.com\/index.php?rest_route=\/wp\/v2\/types\/page"}],"author":[{"embeddable":true,"href":"https:\/\/domusdecem.com\/index.php?rest_route=\/wp\/v2\/users\/3"}],"replies":[{"embeddable":true,"href":"https:\/\/domusdecem.com\/index.php?rest_route=%2Fwp%2Fv2%2Fcomments&post=10"}],"version-history":[{"count":2,"href":"https:\/\/domusdecem.com\/index.php?rest_route=\/wp\/v2\/pages\/10\/revisions"}],"predecessor-version":[{"id":256,"href":"https:\/\/domusdecem.com\/index.php?rest_route=\/wp\/v2\/pages\/10\/revisions\/256"}],"up":[{"embeddable":true,"href":"https:\/\/domusdecem.com\/index.php?rest_route=\/wp\/v2\/pages\/70"}],"wp:attachment":[{"href":"https:\/\/domusdecem.com\/index.php?rest_route=%2Fwp%2Fv2%2Fmedia&parent=10"}],"curies":[{"name":"wp","href":"https:\/\/api.w.org\/{rel}","templated":true}]}}