{"id":21,"date":"2013-05-12T12:17:19","date_gmt":"2013-05-12T12:17:19","guid":{"rendered":"http:\/\/domusdecem.wordpress.com\/?page_id=21"},"modified":"2013-07-12T12:00:06","modified_gmt":"2013-07-12T12:00:06","slug":"proyectos","status":"publish","type":"page","link":"https:\/\/domusdecem.com\/?page_id=21","title":{"rendered":"PROYECTOS"},"content":{"rendered":"<p style=\"text-align:justify;\">Entendemos el proyecto como la \u00fanica e imprescindible v\u00eda para definir las verdaderas necesidades de nuestros clientes pero sobre todo la de obtener una medici\u00f3n y valoraci\u00f3n precisa de los trabajos a realizar. De esta forma se logra que los procesos sean coherentes, que se realicen en un tiempo acotado, con un control absoluto de la econom\u00eda de la obra para garantizar que se ajustan exactamente a las necesidades y aspiraciones del cliente.<\/p>\n<h2 style=\"text-align:justify;\">PROYECTOS DE INTERIORISMO &#8211; PROYECTOS DE ACTIVIDAD &#8211; PROYECTOS DE PAISAJISMO<\/h2>\n<p style=\"text-align:justify;\">Tanto para los proyectos de interiorismo y de actividad como para los proyectos de paisajismo se precisa de una serie de trabajos y la elaboraci\u00f3n de documentos espec\u00edficos que pueden variar de acuerdo a las caracter\u00edsticas de cada uno, aunque podr\u00edamos destacar en general los siguientes:<\/p>\n<p>-Toma de datos y levantamiento de croquis para la elaboraci\u00f3n de Planos de Estado Actual.<\/p>\n<p>-Bocetos previos y desarrollo del proyecto.<\/p>\n<p>-Revisi\u00f3n de ideas y posibles distribuciones.<\/p>\n<p>-Definicion y desarrollo de la propuesta final<\/p>\n<p>-Estudio y aprobaci\u00f3n de mediciones y presupuestos.<\/p>\n<p><strong>Documentaci\u00f3n gr\u00e1fica y escrita a aportar<br \/>\n<\/strong><\/p>\n<p>-Memoria descriptiva y conceptual de los trabajos<\/p>\n<p>-Planos de distribuci\u00f3n y cotas de la propuesta (plantas, alzados, secciones, perspectivas, etc)<\/p>\n<p>-Planos de instalaciones (electricidad, fontaner\u00eda, saneamiento, aire acondicionado, etc)<\/p>\n<p>-Planos justificativos de normativas vigentes.<\/p>\n<p>-Planos de equipamientos (mobiliario, iluminaci\u00f3n, etc)<\/p>\n<p>-Planos auxiliares o de detalles constructivos (carpinter\u00edas, falsos techos, replanteos, desmontajes, demoliciones, etc)<\/p>\n<p>-Mediciones y memoria de calidades de materiales.<\/p>\n<p>-Presupuesto detallado por partidas.<\/p>\n","protected":false},"excerpt":{"rendered":"<p>Entendemos el proyecto como la \u00fanica e imprescindible v\u00eda para definir las verdaderas necesidades de nuestros clientes pero sobre todo la de obtener una medici\u00f3n y valoraci\u00f3n precisa de los trabajos a realizar. De esta forma se logra que los procesos sean coherentes, que se realicen en un tiempo acotado, con un control absoluto de [&hellip;]<\/p>\n","protected":false},"author":3,"featured_media":0,"parent":70,"menu_order":2,"comment_status":"closed","ping_status":"closed","template":"page-templates\/full-width.php","meta":{"footnotes":""},"class_list":["post-21","page","type-page","status-publish","hentry"],"aioseo_notices":[],"_links":{"self":[{"href":"https:\/\/domusdecem.com\/index.php?rest_route=\/wp\/v2\/pages\/21","targetHints":{"allow":["GET"]}}],"collection":[{"href":"https:\/\/domusdecem.com\/index.php?rest_route=\/wp\/v2\/pages"}],"about":[{"href":"https:\/\/domusdecem.com\/index.php?rest_route=\/wp\/v2\/types\/page"}],"author":[{"embeddable":true,"href":"https:\/\/domusdecem.com\/index.php?rest_route=\/wp\/v2\/users\/3"}],"replies":[{"embeddable":true,"href":"https:\/\/domusdecem.com\/index.php?rest_route=%2Fwp%2Fv2%2Fcomments&post=21"}],"version-history":[{"count":1,"href":"https:\/\/domusdecem.com\/index.php?rest_route=\/wp\/v2\/pages\/21\/revisions"}],"predecessor-version":[{"id":253,"href":"https:\/\/domusdecem.com\/index.php?rest_route=\/wp\/v2\/pages\/21\/revisions\/253"}],"up":[{"embeddable":true,"href":"https:\/\/domusdecem.com\/index.php?rest_route=\/wp\/v2\/pages\/70"}],"wp:attachment":[{"href":"https:\/\/domusdecem.com\/index.php?rest_route=%2Fwp%2Fv2%2Fmedia&parent=21"}],"curies":[{"name":"wp","href":"https:\/\/api.w.org\/{rel}","templated":true}]}}