{"id":25,"date":"2013-05-12T12:20:54","date_gmt":"2013-05-12T12:20:54","guid":{"rendered":"http:\/\/domusdecem.wordpress.com\/?page_id=25"},"modified":"2013-07-12T12:00:38","modified_gmt":"2013-07-12T12:00:38","slug":"como-trabajamos","status":"publish","type":"page","link":"https:\/\/domusdecem.com\/?page_id=25","title":{"rendered":"M\u00c9TODO DE TRABAJO"},"content":{"rendered":"<p>En nuestra empresa apostamos por la calidad del servicio con una atenci\u00f3n personalizada hacia nuestros clientes.<\/p>\n<p>Sin ning\u00fan compromiso nos desplazamos al espacio que usted necesita acondicionar para conocerlo personalmente, estudiamos sus necesidades y prioridades para preparar un plan de trabajo que nos garantice conseguir un proyecto ajustado a sus expectativas y posibilidades.<\/p>\n<p>Una vez acordadas las condiciones y los servicios profesionales\u00a0 y de cara a una ejecuci\u00f3n precisa en el tiempo, nos ce\u00f1imos a un estricto planing de trabajo, con penalizaciones por demora, asignando adem\u00e1s un t\u00e9cnico encargado del trabajo como \u00fanica persona de contacto para atender cualquier consulta o duda\u00a0 que pueda surgir en el proceso constructivo por parte de nuestros clientes.<\/p>\n","protected":false},"excerpt":{"rendered":"<p>En nuestra empresa apostamos por la calidad del servicio con una atenci\u00f3n personalizada hacia nuestros clientes. Sin ning\u00fan compromiso nos desplazamos al espacio que usted necesita acondicionar para conocerlo personalmente, estudiamos sus necesidades y prioridades para preparar un plan de trabajo que nos garantice conseguir un proyecto ajustado a sus expectativas y posibilidades. Una vez [&hellip;]<\/p>\n","protected":false},"author":3,"featured_media":0,"parent":0,"menu_order":3,"comment_status":"closed","ping_status":"closed","template":"page-templates\/full-width.php","meta":{"footnotes":""},"class_list":["post-25","page","type-page","status-publish","hentry"],"aioseo_notices":[],"_links":{"self":[{"href":"https:\/\/domusdecem.com\/index.php?rest_route=\/wp\/v2\/pages\/25","targetHints":{"allow":["GET"]}}],"collection":[{"href":"https:\/\/domusdecem.com\/index.php?rest_route=\/wp\/v2\/pages"}],"about":[{"href":"https:\/\/domusdecem.com\/index.php?rest_route=\/wp\/v2\/types\/page"}],"author":[{"embeddable":true,"href":"https:\/\/domusdecem.com\/index.php?rest_route=\/wp\/v2\/users\/3"}],"replies":[{"embeddable":true,"href":"https:\/\/domusdecem.com\/index.php?rest_route=%2Fwp%2Fv2%2Fcomments&post=25"}],"version-history":[{"count":1,"href":"https:\/\/domusdecem.com\/index.php?rest_route=\/wp\/v2\/pages\/25\/revisions"}],"predecessor-version":[{"id":257,"href":"https:\/\/domusdecem.com\/index.php?rest_route=\/wp\/v2\/pages\/25\/revisions\/257"}],"wp:attachment":[{"href":"https:\/\/domusdecem.com\/index.php?rest_route=%2Fwp%2Fv2%2Fmedia&parent=25"}],"curies":[{"name":"wp","href":"https:\/\/api.w.org\/{rel}","templated":true}]}}