{"id":27,"date":"2013-05-12T12:21:28","date_gmt":"2013-05-12T12:21:28","guid":{"rendered":"http:\/\/domusdecem.wordpress.com\/?page_id=27"},"modified":"2013-07-12T12:00:50","modified_gmt":"2013-07-12T12:00:50","slug":"equipo","status":"publish","type":"page","link":"https:\/\/domusdecem.com\/?page_id=27","title":{"rendered":"EQUIPO"},"content":{"rendered":"<p><strong>CALIDAD, RESPONSABILIDAD Y COMPROMISO<\/strong><\/p>\n<p>En <strong>Domus Decem<\/strong> Contamos con un equipo t\u00e9cnico de profesionales en el campo de la construcci\u00f3n con una gran experiencia en la redacci\u00f3n de proyectos, ejecuci\u00f3n y direcci\u00f3n de obra, compuesto por arquitectos, arquitectos t\u00e9cnicos, ingenieros y t\u00e9cnicos de obra de alta cualificaci\u00f3n y certificados para trabajos especializados.<\/p>\n<p>Cada uno de nuestros proyectos es llevado a cabo por profesionales de m\u00e1ximo nivel, apostando por un servicio de gran calidad y responsabilidad \u00e9tica. Nuestro m\u00e9todo de trabajo pretende conseguir la excelencia mediante el trabajo multidisciplinar, interrelacionando todos los procesos para lograr que no quede ni un solo detalle al azar.<\/p>\n","protected":false},"excerpt":{"rendered":"<p>CALIDAD, RESPONSABILIDAD Y COMPROMISO En Domus Decem Contamos con un equipo t\u00e9cnico de profesionales en el campo de la construcci\u00f3n con una gran experiencia en la redacci\u00f3n de proyectos, ejecuci\u00f3n y direcci\u00f3n de obra, compuesto por arquitectos, arquitectos t\u00e9cnicos, ingenieros y t\u00e9cnicos de obra de alta cualificaci\u00f3n y certificados para trabajos especializados. Cada uno de [&hellip;]<\/p>\n","protected":false},"author":3,"featured_media":0,"parent":0,"menu_order":4,"comment_status":"closed","ping_status":"closed","template":"page-templates\/full-width.php","meta":{"footnotes":""},"class_list":["post-27","page","type-page","status-publish","hentry"],"aioseo_notices":[],"_links":{"self":[{"href":"https:\/\/domusdecem.com\/index.php?rest_route=\/wp\/v2\/pages\/27","targetHints":{"allow":["GET"]}}],"collection":[{"href":"https:\/\/domusdecem.com\/index.php?rest_route=\/wp\/v2\/pages"}],"about":[{"href":"https:\/\/domusdecem.com\/index.php?rest_route=\/wp\/v2\/types\/page"}],"author":[{"embeddable":true,"href":"https:\/\/domusdecem.com\/index.php?rest_route=\/wp\/v2\/users\/3"}],"replies":[{"embeddable":true,"href":"https:\/\/domusdecem.com\/index.php?rest_route=%2Fwp%2Fv2%2Fcomments&post=27"}],"version-history":[{"count":2,"href":"https:\/\/domusdecem.com\/index.php?rest_route=\/wp\/v2\/pages\/27\/revisions"}],"predecessor-version":[{"id":432,"href":"https:\/\/domusdecem.com\/index.php?rest_route=\/wp\/v2\/pages\/27\/revisions\/432"}],"wp:attachment":[{"href":"https:\/\/domusdecem.com\/index.php?rest_route=%2Fwp%2Fv2%2Fmedia&parent=27"}],"curies":[{"name":"wp","href":"https:\/\/api.w.org\/{rel}","templated":true}]}}